{"id":33,"date":"2015-12-21T12:34:53","date_gmt":"2015-12-21T12:34:53","guid":{"rendered":"http:\/\/www.patyifestekuzlet.hu\/?page_id=33"},"modified":"2019-02-06T11:01:40","modified_gmt":"2019-02-06T10:01:40","slug":"szolgaltatasok","status":"publish","type":"page","link":"https:\/\/www.patyifestekuzlet.hu\/?page_id=33","title":{"rendered":"Szolg\u00e1ltat\u00e1sok"},"content":{"rendered":"<p><strong>Sz\u00ednt, szinte mindenre!<br \/>\n<\/strong>\u00dczlet\u00fcnkben t\u00f6bb ezer sz\u00edn k\u00f6z\u00fcl v\u00e1logathat, melyet egy\u00e9ni ig\u00e9nyek alapj\u00e1n, a legmodernebb technol\u00f3gi\u00e1k felhaszn\u00e1l\u00e1s\u00e1val, helyben kever\u00fcnk, \u00edgy garant\u00e1ltan megtal\u00e1lja az \u00e1rnyalatot, amit meg\u00e1lmodott a nappali vagy a konyha fal\u00e1ra, otthona homlokzat\u00e1ra, vagy aut\u00f3j\u00e1ra.<\/p>\n<p><strong>Minden, \u00e9s mindenb\u0151l el\u00e9g!<br \/>\n<\/strong>\u00dczlet\u00fcnk \u00f3ri\u00e1si rakt\u00e1rk\u00e9szlettel rendelkezik, \u00edgy szinte minden ig\u00e9nyt azonnal, v\u00e1rakoz\u00e1s n\u00e9lk\u00fcl ki tudunk el\u00e9g\u00edteni. Ha esetleg \u00f6nnek m\u00e9gis k\u00fcl\u00f6nleges \u00f6tletei vannak, nem hagyjuk, hogy feled\u00e9sbe mer\u00fcljenek. Az \u00e9vek folyam\u00e1n felhalmozott kapcsolatok az \u00e9p\u00edt\u0151ipar szinte minden ter\u00fclet\u00e9re kiterjednek, ez\u00e1ltal be tudunk szerezni mindent, amire csak sz\u00fcks\u00e9ge lehet, kezdve az \u00e9p\u00edtkez\u00e9shez sz\u00fcks\u00e9ges alapanyagokt\u00f3l, a fel\u00faj\u00edt\u00e1s, berendez\u00e9s sor\u00e1n haszn\u00e1lt dekor\u00e1ci\u00f3s elemeken \u00e1t eg\u00e9szen a mindennapi haszn\u00e1lati eszk\u00f6z\u00f6kig.<\/p>\n<p><strong>D\u00f6nt\u00e9s b\u00e1rhol, b\u00e1rkivel!<\/strong><br \/>\nHatalmas sz\u00ednv\u00e1laszt\u00e9kunkat t\u00f6bb f\u00e9le feloszt\u00e1sban, sz\u00e1mos vari\u00e1ci\u00f3ban megtekintheti \u00fczlet\u00fcnkben, azonban ha a csal\u00e1d t\u00f6bbi tagj\u00e1val, otthon szeretne d\u00f6nteni a nappali sz\u00edn\u00e9r\u0151l, vagy \u00f6sszehasonl\u00edtan\u00e1 a meg\u00e1lmodott \u00e1rnyalatot a r\u00e9givel, lehet\u0151s\u00e9get biztos\u00edtunk min\u0151s\u00edtett sz\u00ednk\u00e1rty\u00e1k k\u00f6lcs\u00f6nz\u00e9s\u00e9re.*<br \/>\n*kauci\u00f3 ellen\u00e9ben<\/p>\n<p><strong>Az akad\u00e1lyokat nyugodtan kint hagyhatja!<br \/>\n<\/strong>B\u00e1rmilyen fel\u00fcletr\u0151l, anyagr\u00f3l, elk\u00e9pzel\u00e9sr\u0151l legyen sz\u00f3, mi tudunk seg\u00edteni. Megb\u00edzhat\u00f3 \u00e9s min\u0151s\u00e9gi besz\u00e1ll\u00edt\u00f3inkt\u00f3l \u00e9rkez\u0151 term\u00e9keink sz\u00e9les v\u00e1laszt\u00e9ka r\u00e9v\u00e9n nincsenek akad\u00e1lyok, mi megtal\u00e1ljuk az \u00f6nnek legmegfelel\u0151bb megold\u00e1st.<\/p>\n<p><strong>Csak egy fajta rossz k\u00e9rd\u00e9s l\u00e9tezik \u2013 a fel nem tett!<br \/>\n<\/strong>Biztosak vagyunk benne, hogy \u00d6n remek\u00fcl \u00e9rt valamihez. Azt is gyan\u00edtjuk, hogy ahhoz mi nem. Azonban minden ember \u00e9let\u00e9ben elj\u00f6n az els\u0151 \u00e9p\u00edtkez\u00e9s, fel\u00faj\u00edt\u00e1s, \u00e1talak\u00edt\u00e1s ideje, amikor sz\u00e1mtalan k\u00e9rd\u00e9s vet\u0151dik fel. Szeretn\u00e9nk, ha az \u00e9vek alatt felhalmozott tapasztalatunkat \u00e9s tud\u00e1sunkat \u00d6n kamatoztatn\u00e1! Titkos praktik\u00e1k, hasznos felhaszn\u00e1l\u00e1si tan\u00e1csok \u00e9s minden, amire k\u00edv\u00e1ncsi. \u00c9vtizedekben m\u00e9rhet\u0151 szakmai h\u00e1tter\u00fcnk r\u00e9v\u00e9n sz\u00e1mtalan k\u00fcl\u00f6nb\u00f6z\u0151 esettel tal\u00e1lkoztunk m\u00e1r, \u00edgy val\u00f3sz\u00edn\u0171leg az \u00d6n probl\u00e9m\u00e1j\u00e1ra is ismerj\u00fck a l\u00e9tez\u0151 megold\u00e1sokat, ha pedig valami \u00fajjal \u00e1ll\u00edt szembe, \u00fagy \u00f6r\u00fcl\u00fcnk a kih\u00edv\u00e1snak \u00e9s arra kidolgozunk egy \u00fajat, \u00edgy csak arra a k\u00e9rd\u00e9sre nem tudunk v\u00e1laszolni, amit nem tesz fel.<\/p>\n<p><strong>\u201eB\u00e1rmilyen sz\u00edn\u0171 kocsit le tudunk gy\u00e1rtani, amennyiben az a sz\u00edn fekete\u201d\u00a0 \/Henry Ford\/<br \/>\n<\/strong>Manaps\u00e1g azonban m\u00e1r nem ez a helyzet. Nagyon nem. Ah\u00e1ny m\u00e1rka, annyi paletta \u00e9s kis t\u00falz\u00e1ssal \u00e1ll\u00edthatjuk, hogy nincs k\u00e9t egyforma sz\u00edn\u0171 aut\u00f3. Fordhoz hasonl\u00f3an mi is csak egy fajta sz\u00ednt tudunk el\u0151\u00e1ll\u00edtani: amit \u00d6n szeretne. Zavarba ejt\u0151en sz\u00e9les v\u00e1laszt\u00e9kunkb\u00f3l m\u00e1rk\u00e1ra sz\u0171k\u00edtve b\u00f6ng\u00e9szheti a k\u00edv\u00e1nt \u00e1rnyalatot, illetve jav\u00edt\u00e1sokhoz korszer\u0171 sz\u00ednkever\u0151 rendszer\u00fcnknek k\u00f6sz\u00f6nhet\u0151en, sz\u00ednsz\u00e1m adatb\u00e1zis seg\u00edts\u00e9g\u00e9vel, a lehet\u0151 legpontosabb egyez\u0151s\u00e9get tudjuk biztos\u00edtani.<br \/>\n2016-ban teh\u00e1t sz\u00f3ljon ez \u00edgy:<br \/>\n\u201eB\u00e1rmilyen sz\u00ednt ki tudunk keverni, amennyiben az a sz\u00edn \u00d6nnek tetszik\u201d \/P\u00e1tyi Fest\u00e9k \u00dczlet\/<\/p>\n<p>&nbsp;<\/p>\n","protected":false},"excerpt":{"rendered":"<p>Sz\u00ednt, szinte mindenre! \u00dczlet\u00fcnkben t\u00f6bb ezer sz\u00edn k\u00f6z\u00fcl v\u00e1logathat, melyet egy\u00e9ni ig\u00e9nyek alapj\u00e1n, a legmodernebb technol\u00f3gi\u00e1k felhaszn\u00e1l\u00e1s\u00e1val, helyben kever\u00fcnk, \u00edgy garant\u00e1ltan megtal\u00e1lja az \u00e1rnyalatot, amit meg\u00e1lmodott a nappali vagy a konyha fal\u00e1ra, otthona homlokzat\u00e1ra, vagy aut\u00f3j\u00e1ra. Minden, \u00e9s mindenb\u0151l el\u00e9g! \u00dczlet\u00fcnk \u00f3ri\u00e1si rakt\u00e1rk\u00e9szlettel rendelkezik, \u00edgy szinte minden ig\u00e9nyt azonnal, v\u00e1rakoz\u00e1s n\u00e9lk\u00fcl ki tudunk el\u00e9g\u00edteni. Ha&hellip;<a href=\"https:\/\/www.patyifestekuzlet.hu\/?page_id=33\" class=\"more-link\">Continue reading <span class=\"screen-reader-text\">Szolg\u00e1ltat\u00e1sok<\/span><\/a><\/p>\n","protected":false},"author":2,"featured_media":0,"parent":0,"menu_order":0,"comment_status":"closed","ping_status":"closed","template":"","meta":{"footnotes":""},"class_list":["post-33","page","type-page","status-publish","hentry"],"_links":{"self":[{"href":"https:\/\/www.patyifestekuzlet.hu\/index.php?rest_route=\/wp\/v2\/pages\/33"}],"collection":[{"href":"https:\/\/www.patyifestekuzlet.hu\/index.php?rest_route=\/wp\/v2\/pages"}],"about":[{"href":"https:\/\/www.patyifestekuzlet.hu\/index.php?rest_route=\/wp\/v2\/types\/page"}],"author":[{"embeddable":true,"href":"https:\/\/www.patyifestekuzlet.hu\/index.php?rest_route=\/wp\/v2\/users\/2"}],"replies":[{"embeddable":true,"href":"https:\/\/www.patyifestekuzlet.hu\/index.php?rest_route=%2Fwp%2Fv2%2Fcomments&post=33"}],"version-history":[{"count":5,"href":"https:\/\/www.patyifestekuzlet.hu\/index.php?rest_route=\/wp\/v2\/pages\/33\/revisions"}],"predecessor-version":[{"id":286,"href":"https:\/\/www.patyifestekuzlet.hu\/index.php?rest_route=\/wp\/v2\/pages\/33\/revisions\/286"}],"wp:attachment":[{"href":"https:\/\/www.patyifestekuzlet.hu\/index.php?rest_route=%2Fwp%2Fv2%2Fmedia&parent=33"}],"curies":[{"name":"wp","href":"https:\/\/api.w.org\/{rel}","templated":true}]}}